{"id":207,"date":"2023-11-21T22:11:53","date_gmt":"2023-11-21T19:11:53","guid":{"rendered":"https:\/\/big-bamboo.fun\/?page_id=207"},"modified":"2023-12-02T12:11:17","modified_gmt":"2023-12-02T09:11:17","slug":"big-bamboo","status":"publish","type":"page","link":"https:\/\/big-bamboo.fun\/tr\/","title":{"rendered":"Big Bamboo"},"content":{"rendered":"<h2 class=\"wp-block-heading\" id=\"%25d0%25b8%25d0%25b3%25d1%2580%25d0%25be%25d0%25b2%25d0%25be%25d0%25b9-%25d0%25b0%25d0%25b2%25d1%2582%25d0%25be%25d0%25bc%25d0%25b0%25d1%2582-big-bamboo\">Slot makinesi Big Bamboo<\/h2>\n\n\n<p><strong>Big Bamboo<\/strong> kullan\u0131c\u0131lar\u0131na b\u00fcy\u00fck nakit \u00f6d\u00fcller kazanma f\u0131rsat\u0131 veren heyecan verici bir slot oyunudur. Asya ya\u011fmur orman\u0131 temas\u0131, oyuncular\u0131 an\u0131nda \u0131ss\u0131z bir adaya g\u00f6t\u00fcr\u00fcr ve evlerinden \u00e7\u0131kmadan tatillerinin tad\u0131n\u0131 \u00e7\u0131karmalar\u0131na olanak tan\u0131r ve \u00e7ok say\u0131da bonus: Wild sembolleri, scatter&#039;lar, bedava d\u00f6nd\u00fcrmeler ve d\u00fc\u015fen paralar kazanma \u015fans\u0131n\u0131 art\u0131r\u0131r. Oyun nispeten yak\u0131n zamanda (3 Mart 2022) piyasaya s\u00fcr\u00fclmesine ra\u011fmen, \u015fimdiden 1Win, 1xbet, Pin Up, Vavada gibi \u00e7evrimi\u00e7i casinolar\u0131n yeni oyuncular\u0131n\u0131n ve kullan\u0131c\u0131lar\u0131n\u0131n g\u00f6nl\u00fcnde yer edinmeyi ba\u015fard\u0131.<\/p>\n\n\n\n<div class=\"wp-block-buttons is-content-justification-center is-layout-flex wp-container-core-buttons-is-layout-16018d1d wp-block-buttons-is-layout-flex\">\n<div class=\"wp-block-button\"><a class=\"wp-block-button__link wp-element-button\" href=\"https:\/\/p72zy.bemobtrcks.com\/go\/382bb03f-aa8c-4610-90cd-3c376442ffe4?\">Big Bamboo oyna<\/a><\/div>\n<\/div>\n\n\n<div class=\"wp-block-image\">\n<figure class=\"aligncenter size-large\"><a href=\"https:\/\/p72zy.bemobtrcks.com\/go\/382bb03f-aa8c-4610-90cd-3c376442ffe4?\"><img loading=\"lazy\" decoding=\"async\" width=\"1024\" height=\"558\" src=\"https:\/\/big-bamboo.fun\/wp-content\/uploads\/2023\/11\/bigbamboo-min-1024x558.jpg\" alt=\"Big Bamboo&#039;yi oyna\" class=\"wp-image-226\" style=\"object-fit:cover\" srcset=\"https:\/\/big-bamboo.fun\/wp-content\/uploads\/2023\/11\/bigbamboo-min-1024x558.jpg 1024w, https:\/\/big-bamboo.fun\/wp-content\/uploads\/2023\/11\/bigbamboo-min-300x164.jpg 300w, https:\/\/big-bamboo.fun\/wp-content\/uploads\/2023\/11\/bigbamboo-min-768x419.jpg 768w, https:\/\/big-bamboo.fun\/wp-content\/uploads\/2023\/11\/bigbamboo-min-18x10.jpg 18w, https:\/\/big-bamboo.fun\/wp-content\/uploads\/2023\/11\/bigbamboo-min.jpg 1251w\" sizes=\"auto, (max-width: 1024px) 100vw, 1024px\" \/><\/a><\/figure>\n<\/div>\n\n<h2 class=\"wp-block-heading\" id=\"%25d0%25be%25d0%25b1%25d1%2589%25d0%25b0%25d1%258f-%25d0%25b8%25d0%25bd%25d1%2584%25d0%25be%25d1%2580%25d0%25bc%25d0%25b0%25d1%2586%25d0%25b8%25d1%258f\">Genel bilgi<\/h2>\n\n\n<figure class=\"wp-block-table\"><table><tbody><tr><td>Yaz\u0131l\u0131m<\/td><td>\u0130tmeli Oyun<\/td><\/tr><tr><td>yay\u0131n tarihi<\/td><td>03.03.2022<\/td><\/tr><tr><td>RTP<\/td><td>96.13%<\/td><\/tr><tr><td>Volatilite<\/td><td>Y\u00fcksek<\/td><\/tr><tr><td>Maks. kazan\u00e7lar<\/td><td>x50000<\/td><\/tr><tr><td>Bahis b\u00fcy\u00fckl\u00fc\u011f\u00fc ($,\u20ac,\u00a3)<\/td><td>0.10 &#8212; 100<\/td><\/tr><tr><td>Makara say\u0131s\u0131<\/td><td>5<\/td><\/tr><tr><td>Sat\u0131r say\u0131s\u0131<\/td><td>50<\/td><\/tr><\/tbody><\/table><\/figure>\n\n\n<h2 class=\"wp-block-heading\" id=\"%25d1%2581%25d1%2583%25d1%2582%25d1%258c-%25d1%2581%25d0%25bb%25d0%25be%25d1%2582%25d0%25b0-big-bamboo\">Big Bamboo yuvas\u0131n\u0131n \u00f6z\u00fc<\/h2>\n\n\n<p>Big Bamboo oyunu bir slot makinesidir ve 5x6 oyun alan\u0131 ve 50 kazanma \u00e7izgisi sunar. \u00c7ok say\u0131da \u00f6zellik, \u00e7e\u015fitli kazan\u00e7 t\u00fcrleri i\u00e7in f\u0131rsatlar sa\u011flar.<\/p>\n\n\n<div class=\"wp-block-image\">\n<figure class=\"aligncenter size-large\"><img loading=\"lazy\" decoding=\"async\" width=\"1024\" height=\"561\" src=\"https:\/\/big-bamboo.fun\/wp-content\/uploads\/2023\/11\/bigbamboo-slot-big-win-min-1024x561.jpg\" alt=\"Big Bamboo yuvas\u0131\" class=\"wp-image-225\" style=\"object-fit:cover\" srcset=\"https:\/\/big-bamboo.fun\/wp-content\/uploads\/2023\/11\/bigbamboo-slot-big-win-min-1024x561.jpg 1024w, https:\/\/big-bamboo.fun\/wp-content\/uploads\/2023\/11\/bigbamboo-slot-big-win-min-300x164.jpg 300w, https:\/\/big-bamboo.fun\/wp-content\/uploads\/2023\/11\/bigbamboo-slot-big-win-min-768x421.jpg 768w, https:\/\/big-bamboo.fun\/wp-content\/uploads\/2023\/11\/bigbamboo-slot-big-win-min-18x10.jpg 18w, https:\/\/big-bamboo.fun\/wp-content\/uploads\/2023\/11\/bigbamboo-slot-big-win-min.jpg 1211w\" sizes=\"auto, (max-width: 1024px) 100vw, 1024px\" \/><\/figure>\n<\/div>\n\n\n<p>Oyunun temel amac\u0131 normal veya bonus oyunda en b\u00fcy\u00fck x50.000 \u00e7arpan\u0131n\u0131 elde etmektir. A\u015fa\u011f\u0131da kazanma a\u00e7\u0131s\u0131ndan en ilgi \u00e7ekici olan fonksiyon ve sembollerin a\u00e7\u0131klamalar\u0131n\u0131 bulacaks\u0131n\u0131z.<\/p>\n\n\n<h2 class=\"wp-block-heading\" id=\"bonus\">Bonus d\u00f6nd\u00fcrmeler <\/h2>\n\n\n<p>Normal bir oyun s\u0131ras\u0131nda, bonuslar yaln\u0131zca 2. ve 3. makaralarda g\u00f6r\u00fcn\u00fcr, ayr\u0131ca 4. makarada nadir bir bonus vard\u0131r. Bunlar g\u00f6r\u00fcnd\u00fckten sonra oyuncu bir s\u00fcper oyuna ge\u00e7me veya onu sat\u0131n alma f\u0131rsat\u0131na sahiptir. Alt\u0131n Bambu modunda bonus sembolleri herhangi bir konumda g\u00f6r\u00fcn\u00fcr.<\/p>\n\n\n<h2 class=\"wp-block-heading\" id=\"symbols\">Big Bamboo&#039;nin sembolleri ve i\u015flevleri<\/h2>\n\n<div class=\"wp-block-image\">\n<figure class=\"aligncenter size-full\"><img loading=\"lazy\" decoding=\"async\" width=\"807\" height=\"478\" src=\"https:\/\/big-bamboo.fun\/wp-content\/uploads\/2023\/11\/bigbamboo-symbols-min.jpg\" alt=\"Big Bamboo karakterler\" class=\"wp-image-224\" srcset=\"https:\/\/big-bamboo.fun\/wp-content\/uploads\/2023\/11\/bigbamboo-symbols-min.jpg 807w, https:\/\/big-bamboo.fun\/wp-content\/uploads\/2023\/11\/bigbamboo-symbols-min-300x178.jpg 300w, https:\/\/big-bamboo.fun\/wp-content\/uploads\/2023\/11\/bigbamboo-symbols-min-768x455.jpg 768w, https:\/\/big-bamboo.fun\/wp-content\/uploads\/2023\/11\/bigbamboo-symbols-min-18x12.jpg 18w\" sizes=\"auto, (max-width: 807px) 100vw, 807px\" \/><\/figure>\n<\/div>\n\n\n<p><strong>&quot;Bambu&quot;<\/strong> \u2014 Bambu sembol\u00fcn\u00fcn kendisi nakit \u00f6d\u00fcl sa\u011flamaz, ancak istenildi\u011fi zaman ba\u015fka herhangi bir bonus sembol\u00fcne d\u00f6n\u00fc\u015ft\u00fcr\u00fclebilir. \u00d6rne\u011fin, an\u0131nda nakit \u00f6d\u00fcle veya \u00e7arpana d\u00f6n\u00fc\u015fen bir Koleksiyoncu sembol\u00fc alabilirsiniz.&nbsp;<\/p>\n\n\n\n<p><strong>Alt\u0131n &quot;Y\u0131\u011f\u0131n&quot;<\/strong> - Y\u00fcksek de\u011ferli sembollerden biri ilgi \u00e7ekici alt\u0131n \u201cY\u0131\u011f\u0131n\u201d sembol\u00fcd\u00fcr. Hatlarda bir e\u015fle\u015fme oldu\u011funda ortaya \u00e7\u0131kan bonuslar\u0131 veya nakit \u00f6d\u00fclleri ba\u015flatmak i\u00e7in kullan\u0131lmas\u0131 tavsiye edilir. Bu \u00f6zellik hem normal oyunda hem de bonus oyunda mevcuttur.<\/p>\n\n\n\n<p>Oyuncular bu sembol\u00fc sever \u00e7\u00fcnk\u00fc an\u0131nda nakit \u00f6d\u00fcl a\u00e7malar\u0131na olanak tan\u0131r.<\/p>\n\n\n\n<p>Ek olarak, &quot;Y\u0131\u011f\u0131n&quot; sembol\u00fc de\u011fi\u015febilir ve daha ilgin\u00e7 bonuslar ortaya \u00e7\u0131kabilir: t\u00fcm nakit \u00f6d\u00fclleri toplaman\u0131za olanak tan\u0131yan ve yeni bir d\u00f6n\u00fc\u015f ekleyen &quot;Koleksiyoncu&quot; sembol\u00fc; t\u00fcm kazan\u00e7lar\u0131 art\u0131ran bir \u00e7arpma sembol\u00fc. Bir d\u00f6nd\u00fcrme sonucunda bir veya daha fazla bonus sembol\u00fc gelebilir.<\/p>\n\n\n\n<p><strong>&quot;Vah\u015fi&quot;<\/strong> \u2014 Bu sembol makinedeki en pahal\u0131 sembollerden biridir ve oyundaki di\u011fer t\u00fcm sembollerin yerini alabilir. Bambu sembol\u00fcnde de g\u00f6r\u00fcnebilir.<\/p>\n\n\n\n<div class=\"wp-block-buttons is-content-justification-center is-layout-flex wp-container-core-buttons-is-layout-16018d1d wp-block-buttons-is-layout-flex\">\n<div class=\"wp-block-button\"><a class=\"wp-block-button__link wp-element-button\" href=\"https:\/\/p72zy.bemobtrcks.com\/go\/382bb03f-aa8c-4610-90cd-3c376442ffe4?\">Big Bamboo oyna<\/a><\/div>\n<\/div>\n\n\n<h2 class=\"wp-block-heading\" id=\"faq\">SSS Big Bamboo<\/h2>\n\n<h3 class=\"wp-block-heading\" id=\"%25d0%25bc%25d0%25be%25d0%25b3%25d1%2583-%25d0%25bb%25d0%25b8-%25d1%258f-%25d0%25b2%25d1%258b%25d0%25b8%25d0%25b3%25d1%2580%25d0%25b0%25d1%2582%25d1%258c-%25d1%2580%25d0%25b5%25d0%25b0%25d0%25bb%25d1%258c%25d0%25bd%25d1%258b%25d0%25b5-%25d0%25b4%25d0%25b5%25d0%25bd%25d1%258c%25d0%25b3%25d0%25b8-%25d0%25b2-%25d0%25b0%25d0%25bf\"><strong>Big Bamboo makinesini kullanarak ger\u00e7ek para kazanabilir miyim?<\/strong><\/h3>\n\n\n<p>Big Bamboo&#039;da maksimum kazan\u00e7 bahis ba\u015f\u0131na 50.000x&#039;e kadar \u00e7\u0131kabilir.<\/p>\n\n\n<h3 class=\"wp-block-heading\" id=\"%25d0%25b3%25d0%25b4%25d0%25b5-%25d0%25bc%25d0%25be%25d0%25b6%25d0%25bd%25d0%25be-%25d0%25b8%25d0%25b3%25d1%2580%25d0%25b0%25d1%2582%25d1%258c-%25d0%25b2-%25d1%2581%25d0%25bb%25d0%25be%25d1%2582-big-bamboo-%25d0%25bd%25d0%25b0-%25d1%2580%25d0%25b5%25d0%25b0%25d0%25bb%25d1%258c%25d0%25bd%25d1%258b%25d0%25b5-%25d0%25b4\"><strong>Big Bamboo slotunu ger\u00e7ek parayla nerede oynayabilirim?<\/strong><\/h3>\n\n\n<p>Ortak casinolar\u0131m\u0131zdan birini se\u00e7ebilirsiniz: 1Win, 1xbet, Pin Up, Vavada.<\/p>\n\n\n<h3 class=\"wp-block-heading\" id=\"%25d0%25bc%25d0%25be%25d0%25b3%25d1%2583-%25d0%25bb%25d0%25b8-%25d1%258f-%25d1%2581%25d1%258b%25d0%25b3%25d1%2580%25d0%25b0%25d1%2582%25d1%258c-%25d0%25b2-big-bamboo-%25d0%25bd%25d0%25b5-%25d0%25b2%25d0%25ba%25d0%25bb%25d0%25b0%25d0%25b4%25d1%258b%25d0%25b2%25d0%25b0%25d1%258f-%25d1%2581%25d0%25b2%25d0%25be%25d0%25b8\"><strong>Kendi param\u0131 yat\u0131rmadan Big Bamboo oynayabilir miyim?<\/strong><\/h3>\n\n\n<p>Evet, oyunu kay\u0131t olmadan demo s\u00fcr\u00fcm\u00fcnde test edebilirsiniz.<\/p>\n\n\n<h3 class=\"wp-block-heading\" id=\"%25d0%25bc%25d0%25be%25d0%25b3%25d1%2583-%25d0%25bb%25d0%25b8-%25d1%258f-%25d0%25b8%25d0%25b3%25d1%2580%25d0%25b0%25d1%2582%25d1%258c-%25d0%25b2-%25d0%25b1%25d0%25b8%25d0%25b3-%25d0%25b1%25d0%25b0%25d0%25bc%25d0%25b1%25d1%2583%25d0%25ba-%25d0%25bd%25d0%25b0-%25d1%2580%25d0%25be%25d1%2581%25d1%2581%25d0%25b8%25d0%25b9%25d1%2581\"><strong>Big Bamboo&#039;yu Rus rublesiyle oynayabilir miyim?<\/strong><\/h3>\n\n\n<p>Evet, neredeyse t\u00fcm \u00e7evrimi\u00e7i kumarhaneler ruble ve di\u011fer para birimleriyle oynama f\u0131rsat\u0131 sunuyor.<\/p>\n\n\n<h3 class=\"wp-block-heading\" id=\"%25d1%2587%25d1%2582%25d0%25be-%25d1%2582%25d0%25b0%25d0%25ba%25d0%25be%25d0%25b5-%25d0%25b1%25d0%25be%25d0%25bd%25d1%2583%25d1%2581%25d0%25bd%25d0%25b0%25d1%258f-%25d0%25be%25d0%25bf%25d1%2586%25d0%25b8%25d1%258f-%25d0%25bf%25d0%25be%25d0%25ba%25d1%2583%25d0%25bf%25d0%25ba%25d0%25b8\"><strong>Bonus sat\u0131n alma se\u00e7ene\u011fi nedir?<\/strong><\/h3>\n\n\n<p>Bir oyun hesab\u0131 a\u00e7arken bonus sat\u0131n alma se\u00e7ene\u011fi, hesab\u0131n\u0131za an\u0131nda y\u00fckleme yapman\u0131za, &quot;Big Bamboo&quot; yuvas\u0131n\u0131 ba\u015flatman\u0131za ve scatter&#039;lar\u0131n g\u00f6r\u00fcnmesini beklemeden bonus sat\u0131n alman\u0131za olanak tan\u0131r.<\/p>\n\n\n<h3 class=\"wp-block-heading\" id=\"%25d0%25b3%25d0%25b4%25d0%25b5-%25d0%25bc%25d0%25be%25d0%25b6%25d0%25bd%25d0%25be-%25d0%25bf%25d0%25be%25d1%2587%25d0%25b8%25d1%2582%25d0%25b0%25d1%2582%25d1%258c-%25d0%25be%25d1%2582%25d0%25b7%25d1%258b%25d0%25b2%25d1%258b-%25d0%25be%25d0%25b1-%25d0%25b8%25d0%25b3%25d1%2580%25d0%25b5-big-bamboo\"><strong>Big Bamboo oyunu hakk\u0131ndaki yorumlar\u0131 nereden okuyabilirim?<\/strong><\/h3>\n\n\n<p>Bu slotun ger\u00e7ek kullan\u0131c\u0131lar taraf\u0131ndan yaz\u0131lan incelemeleri incelemeler b\u00f6l\u00fcm\u00fcnde okunabilir.<\/p>\n\n\n<h2 class=\"wp-block-heading\" id=\"strategy\">Big Bamboo oynama stratejileri<\/h2>\n\n\n<p>Deneyimli oyuncular, &quot;Bik Bamboo&quot; oyun slotunda b\u00fcy\u00fcleyici bir saatten fazla zaman ge\u00e7irdiler ve oynarken daha fazla avantaj elde etmenizi sa\u011flayacak t\u00fcm bilgeli\u011fi ve gizli \u00f6zellikleri sizinle payla\u015fan iki oyun stratejisi buldular. Hem yeni ba\u015flayanlar hem de deneyimli kullan\u0131c\u0131lar bu y\u00f6ntemleri uygulayabilir ve oyunda inan\u0131lmaz bir para biriktirebilir.<\/p>\n\n\n\n<p><strong>\u00dc\u00e7 da\u011f\u0131l\u0131m stratejisi:<\/strong><\/p>\n\n\n\n<p>Oyunun ilk versiyonu oyuncunun ilk bonus sat\u0131n al\u0131m\u0131n\u0131 gerektirmiyor; bu versiyonda normal versiyonu oynayabilir ve \u00fc\u00e7 scatter&#039;\u0131n g\u00f6r\u00fcnmesini bekleyebilirsiniz. Bu sembollerin kombinasyonu dan de\u011fi\u015fimini a\u00e7ar ve bonus oyununa gitmenizi sa\u011flar. Bunlar olduk\u00e7a yayg\u0131n semboller \u00e7\u00fcnk\u00fc oyun bunlar\u0131 a\u00e7mak i\u00e7in bir\u00e7ok f\u0131rsat sunuyor, dolay\u0131s\u0131yla ge\u00e7i\u015f \u00e7ok fazla zaman\u0131n\u0131z\u0131 almayacak.<\/p>\n\n\n\n<p>\u00dc\u00e7 scatter g\u00f6r\u00fcnd\u00fckten sonra oyuncu, se\u00e7imi son bonus sembol\u00fcne ba\u011fl\u0131 olan \u00fc\u00e7 bonus oyunundan birine gitme \u015fans\u0131na sahip olur. E\u011fer mor da\u011f\u0131l\u0131m en son ortaya \u00e7\u0131karsa, ilk \u00e7ok oyunculu oyun 0 olacakt\u0131r. K\u0131rm\u0131z\u0131 da\u011f\u0131l\u0131m elde ederseniz x3 olur. Nakit \u00f6d\u00fcl alma a\u00e7\u0131s\u0131ndan en ilgin\u00e7 olan\u0131, ilk \u00e7ok oyunculu x10 ile alt\u0131n da\u011f\u0131l\u0131md\u0131r.<\/p>\n\n\n\n<p>Oyuncu, bonus moduna ge\u00e7meden bile b\u00fcy\u00fck bir kazan\u00e7 elde etme \u015fans\u0131na sahiptir. Bunu yapmak i\u00e7in, bonus alt\u0131n sembollerine d\u00f6n\u00fc\u015ft\u00fcr\u00fclen gizemli sembollerin g\u00f6r\u00fcnmesini beklemeniz gerekir.<\/p>\n\n\n\n<p><strong>Bonus al\u0131\u015fveri\u015f stratejisi:<\/strong><\/p>\n\n\n\n<p>Bir\u00e7ok kullan\u0131c\u0131ya g\u00f6re, nakit \u00f6d\u00fcl almak i\u00e7in en iyi se\u00e7enek sat\u0131n alma bonusudur.<\/p>\n\n\n\n<p>Sat\u0131n alma bonusu, daha karl\u0131 semboller elde etmek i\u00e7in \u00fccretsiz d\u00f6n\u00fc\u015fleri en \u00fcst d\u00fczeye \u00e7\u0131karma olas\u0131l\u0131\u011f\u0131n\u0131 a\u00e7ar. Y\u00fckseltmesini kaybeden bir oyuncunun \u00fccretsiz \u00e7evirme hakk\u0131 kazanamayaca\u011f\u0131 konusunda sizi uyarmak i\u00e7in acele ediyoruz.<\/p>\n\n\n\n<p>Deneyimli kullan\u0131c\u0131lar a\u00e7\u0131s\u0131ndan, oyuncunun \u00f6nemli bir yat\u0131r\u0131m yapmadan b\u00fcy\u00fck bir nakit \u00f6d\u00fcl alma olas\u0131l\u0131\u011f\u0131, ikinci (k\u0131rm\u0131z\u0131) bedava d\u00f6n\u00fc\u015fleri sat\u0131n almas\u0131 ve bunlar\u0131 alt\u0131na y\u00fckseltme \u015fans\u0131na sahip olmas\u0131 durumunda artar.<\/p>\n\n\n\n<p>Temel oyunda elde edilen bonus oyununun ayn\u0131 zamanda sonu\u00e7ta kazan\u00e7lara yol a\u00e7an alt\u0131n d\u00f6n\u00fc\u015fleri yakalama f\u0131rsat\u0131n\u0131 da sa\u011flad\u0131\u011f\u0131n\u0131 l\u00fctfen unutmay\u0131n. Bunu yapmak i\u00e7in \u201cScatter\u201d sembollerini yakalaman\u0131z yeterli. Herhangi bir 4 scatter, yeni bir seviyeye ge\u00e7menize ve bedava d\u00f6n\u00fc\u015fler vermenize olanak tan\u0131r.<\/p>\n\n\n<h2 class=\"wp-block-heading\" id=\"download\">Big Bamboo oyununu indir<\/h2>\n\n\n<p>&quot;Big Bamboo&quot; slot makinesi, \u00e7evrimi\u00e7i kumarhane hayranlar\u0131 aras\u0131nda zaten pop\u00fclerlik kazanm\u0131\u015ft\u0131r, bu nedenle uzun s\u00fcredir Android, iOS, macOS ve Windows sistemleri kullan\u0131c\u0131lar\u0131 i\u00e7in mevcuttur.<\/p>\n\n\n\n<p>Maalesef Big Bamboo oyununda \u015fans\u0131n\u0131 denemek i\u00e7in kullan\u0131c\u0131n\u0131n internete eri\u015fmesi gerekiyor, oyun indirilemiyor. Kay\u0131t olduktan sonra oyunu ba\u015flatabilir ve h\u0131zl\u0131 ba\u015flatma i\u00e7in arama dizesini bilgisayar\u0131n\u0131z\u0131n veya di\u011fer cihaz\u0131n\u0131z\u0131n masa\u00fcst\u00fcne k\u0131sayol olarak kaydedebilirsiniz. Oynay\u0131n, \u00f6d\u00fcller kazan\u0131n ve \u015fans her zaman yan\u0131n\u0131zda olsun. &nbsp;<\/p>\n\n\n<h2 class=\"wp-block-heading\" id=\"demo\">Big Bamboo Demosu<\/h2>\n\n\n<p>Elbette oyunun \u00f6z\u00fcn\u00fc tam olarak anlamadan bir slot makinesinde paran\u0131z\u0131 kaybetmemelisiniz. Big Bamboo oyununun demo versiyonu, oyunda daha rahat ve kendinden emin hissetmenize, t\u00fcm kurallar\u0131 ve incelikleri anlaman\u0131za yard\u0131mc\u0131 olacakt\u0131r. Tam s\u00fcr\u00fcm\u00fcn aksine, Big Bamboo Demo sizin taraf\u0131n\u0131zdan herhangi bir yat\u0131r\u0131m gerektirmez, dolay\u0131s\u0131yla bu s\u00fcr\u00fcmde slotun t\u00fcm i\u015flevselli\u011fini test edebilir, oyunun yeteneklerini deneyebilir ve sembollerin ve da\u011f\u0131l\u0131mlar\u0131n anlamlar\u0131n\u0131 hat\u0131rlayabilirsiniz. Oyunun t\u00fcm kurallar\u0131n\u0131 anlad\u0131\u011f\u0131n\u0131zda paran\u0131z\u0131 riske atmak, kaybetmek ve kazanmak \u00e7ok daha ilgin\u00e7 hale gelir. Bu sitede Big Bamboo slotunun demo versiyonunu bulacaks\u0131n\u0131z ve mali durumunuzu riske atmadan tamamen \u00fccretsiz olarak rahat bir oyunun keyfini \u00e7\u0131karabilirsiniz.<\/p>\n\n\n<h2 class=\"wp-block-heading\" id=\"1win\">Big Bamboo 1Galibiyet<\/h2>\n\n\n<p>1Win platformu masa oyunlar\u0131, kriket, poker ve \u00e7ok daha fazlas\u0131 gibi t\u00fcm heyecan verici \u00e7evrimi\u00e7i casino t\u00fcrlerini sunar, bu y\u00fczden bir\u00e7ok kullan\u0131c\u0131 onu tercih eder.&nbsp;<\/p>\n\n\n\n<p>Sitenin tasar\u0131m\u0131 t\u00fcm istekleri kar\u015f\u0131l\u0131yor, m\u00fckemmel renkler ve sitede kolay gezinme, kullan\u0131m\u0131 m\u00fcmk\u00fcn oldu\u011funca konforlu ve rahat hale getiriyor. Sayfan\u0131n \u00fcst k\u0131sm\u0131nda gerekli t\u00fcm sekt\u00f6rler var. Platform, kaydolduktan sonra yeni m\u00fc\u015fterilere \u00e7e\u015fitli bonuslar sunuyor; \u00f6rne\u011fin ilk para yat\u0131rmada 500%.<\/p>\n\n\n\n<p>T\u00fcm \u00f6nemli \u00f6deme sistemlerini destekleyen 1Win&#039;de h\u0131zl\u0131 para \u00e7ekme olana\u011f\u0131 mevcuttur.<\/p>\n\n\n\n<p><strong>1WIN kumarhanesine kay\u0131t<\/strong><\/p>\n\n\n\n<p>Kay\u0131t s\u00fcrecinde karma\u015f\u0131k hi\u00e7bir \u015fey yoktur; sadece telefon numaran\u0131z\u0131, i\u015f e-posta adresinizi girin ve mali ili\u015fkiler kurmay\u0131 tercih etti\u011finiz para birimini se\u00e7in. Kay\u0131t butonuna t\u0131klad\u0131ktan sonra Big Bamboo dahil t\u00fcm heyecan verici \u00e7evrimi\u00e7i oyunlar kullan\u0131m\u0131n\u0131za sunulacak.<\/p>\n\n\n\n<p>Ayr\u0131ca h\u0131zl\u0131 kay\u0131t i\u00e7in sosyal a\u011flar ve di\u011fer platformlar \u00fczerinden kay\u0131t i\u015flemini kullanabilirsiniz.<\/p>\n\n\n\n<p>Belirli \u00e7evrimi\u00e7i g\u00fcvenlik kontrolleri s\u0131ras\u0131nda 1Win Casino ki\u015fisel bilgileri talep edebilir. \u00c7o\u011fu zaman bu, ki\u015fisel banka kartlar\u0131na veya di\u011fer elektronik c\u00fczdanlara para \u00e7ekilirken meydana gelir.<\/p>\n\n\n\n<p>Herhangi bir sorunuz varsa, destek 7\/24 ger\u00e7ek zamanl\u0131 olarak \u00e7al\u0131\u015ft\u0131\u011f\u0131 i\u00e7in 1Win \u00e7evrimi\u00e7i casino personeli her zaman yard\u0131mc\u0131 olacakt\u0131r. Bizimle web sayfas\u0131, e-posta yoluyla ve sosyal mesajla\u015fma ara\u00e7lar\u0131 VKontakte veya Telegram arac\u0131l\u0131\u011f\u0131yla ileti\u015fime ge\u00e7ebilirsiniz. 1Win ve Big Bamboo slotuna kaydolun ve inan\u0131lmaz \u00f6d\u00fcller kazan\u0131n.<\/p>","protected":false},"excerpt":{"rendered":"<p>Big Bamboo slot makinesi Big Bamboo, kullan\u0131c\u0131lar\u0131na b\u00fcy\u00fck nakit \u00f6d\u00fcller kazanma f\u0131rsat\u0131 veren heyecan verici bir slot oyunudur. Asya ya\u011fmur orman\u0131 temas\u0131, oyuncular\u0131 an\u0131nda \u0131ss\u0131z bir adaya g\u00f6t\u00fcr\u00fcr ve evlerinden \u00e7\u0131kmadan tatillerinin tad\u0131n\u0131 \u00e7\u0131karmalar\u0131na olanak tan\u0131r ve \u00e7ok say\u0131da bonus: Wild sembolleri, scatter&#039;lar, bedava d\u00f6nd\u00fcrmeler ve d\u00fc\u015fen paralar kazanma \u015fans\u0131n\u0131 art\u0131r\u0131r. Her ne kadar oyun...<\/p>","protected":false},"author":1,"featured_media":0,"parent":0,"menu_order":0,"comment_status":"closed","ping_status":"closed","template":"","meta":{"_kad_post_transparent":"","_kad_post_title":"","_kad_post_layout":"","_kad_post_sidebar_id":"","_kad_post_content_style":"","_kad_post_vertical_padding":"","_kad_post_feature":"","_kad_post_feature_position":"","_kad_post_header":false,"_kad_post_footer":false,"footnotes":""},"class_list":["post-207","page","type-page","status-publish","hentry"],"aioseo_notices":[],"_links":{"self":[{"href":"https:\/\/big-bamboo.fun\/tr\/wp-json\/wp\/v2\/pages\/207","targetHints":{"allow":["GET"]}}],"collection":[{"href":"https:\/\/big-bamboo.fun\/tr\/wp-json\/wp\/v2\/pages"}],"about":[{"href":"https:\/\/big-bamboo.fun\/tr\/wp-json\/wp\/v2\/types\/page"}],"author":[{"embeddable":true,"href":"https:\/\/big-bamboo.fun\/tr\/wp-json\/wp\/v2\/users\/1"}],"replies":[{"embeddable":true,"href":"https:\/\/big-bamboo.fun\/tr\/wp-json\/wp\/v2\/comments?post=207"}],"version-history":[{"count":18,"href":"https:\/\/big-bamboo.fun\/tr\/wp-json\/wp\/v2\/pages\/207\/revisions"}],"predecessor-version":[{"id":269,"href":"https:\/\/big-bamboo.fun\/tr\/wp-json\/wp\/v2\/pages\/207\/revisions\/269"}],"wp:attachment":[{"href":"https:\/\/big-bamboo.fun\/tr\/wp-json\/wp\/v2\/media?parent=207"}],"curies":[{"name":"wp","href":"https:\/\/api.w.org\/{rel}","templated":true}]}}