{"id":207,"date":"2023-11-21T22:11:53","date_gmt":"2023-11-21T19:11:53","guid":{"rendered":"https:\/\/big-bamboo.fun\/?page_id=207"},"modified":"2023-12-02T12:11:17","modified_gmt":"2023-12-02T09:11:17","slug":"big-bamboo","status":"publish","type":"page","link":"https:\/\/big-bamboo.fun\/fr_ca\/","title":{"rendered":"Big Bamboo"},"content":{"rendered":"<h2 class=\"wp-block-heading\" id=\"%25d0%25b8%25d0%25b3%25d1%2580%25d0%25be%25d0%25b2%25d0%25be%25d0%25b9-%25d0%25b0%25d0%25b2%25d1%2582%25d0%25be%25d0%25bc%25d0%25b0%25d1%2582-big-bamboo\">Machine \u00e0 sous Big Bamboo<\/h2>\n\n\n<p><strong>Big Bamboo<\/strong> est une machine \u00e0 sous passionnante qui donne \u00e0 ses utilisateurs la possibilit\u00e9 de gagner de gros prix en argent. Le th\u00e8me de la for\u00eat tropicale asiatique transporte instantan\u00e9ment les joueurs sur une \u00eele d\u00e9serte et leur permet de profiter de leurs vacances sans sortir de chez eux, et de nombreux bonus : symboles wild, scatters, tours gratuits et pi\u00e8ces tomb\u00e9es ajoutent aux chances de gagner. Bien que le jeu soit sorti relativement r\u00e9cemment (3 mars 2022), il a d\u00e9j\u00e0 r\u00e9ussi \u00e0 gagner des places dans le c\u0153ur des nouveaux joueurs et utilisateurs de casinos en ligne tels que 1Win, 1xbet, Pin Up, Vavada.<\/p>\n\n\n\n<div class=\"wp-block-buttons is-content-justification-center is-layout-flex wp-container-core-buttons-is-layout-16018d1d wp-block-buttons-is-layout-flex\">\n<div class=\"wp-block-button\"><a class=\"wp-block-button__link wp-element-button\" href=\"https:\/\/p72zy.bemobtrcks.com\/go\/382bb03f-aa8c-4610-90cd-3c376442ffe4?\">Jeu de Big Bamboo<\/a><\/div>\n<\/div>\n\n\n<div class=\"wp-block-image\">\n<figure class=\"aligncenter size-large\"><a href=\"https:\/\/p72zy.bemobtrcks.com\/go\/382bb03f-aa8c-4610-90cd-3c376442ffe4?\"><img loading=\"lazy\" decoding=\"async\" width=\"1024\" height=\"558\" src=\"https:\/\/big-bamboo.fun\/wp-content\/uploads\/2023\/11\/bigbamboo-min-1024x558.jpg\" alt=\"Jouer \u00e0 Big Bamboo\" class=\"wp-image-226\" style=\"object-fit:cover\" srcset=\"https:\/\/big-bamboo.fun\/wp-content\/uploads\/2023\/11\/bigbamboo-min-1024x558.jpg 1024w, https:\/\/big-bamboo.fun\/wp-content\/uploads\/2023\/11\/bigbamboo-min-300x164.jpg 300w, https:\/\/big-bamboo.fun\/wp-content\/uploads\/2023\/11\/bigbamboo-min-768x419.jpg 768w, https:\/\/big-bamboo.fun\/wp-content\/uploads\/2023\/11\/bigbamboo-min-18x10.jpg 18w, https:\/\/big-bamboo.fun\/wp-content\/uploads\/2023\/11\/bigbamboo-min.jpg 1251w\" sizes=\"auto, (max-width: 1024px) 100vw, 1024px\" \/><\/a><\/figure>\n<\/div>\n\n<h2 class=\"wp-block-heading\" id=\"%25d0%25be%25d0%25b1%25d1%2589%25d0%25b0%25d1%258f-%25d0%25b8%25d0%25bd%25d1%2584%25d0%25be%25d1%2580%25d0%25bc%25d0%25b0%25d1%2586%25d0%25b8%25d1%258f\">informations g\u00e9n\u00e9rales<\/h2>\n\n\n<figure class=\"wp-block-table\"><table><tbody><tr><td>Logiciel<\/td><td>Pousser le jeu<\/td><\/tr><tr><td>date de sortie<\/td><td>03.03.2022<\/td><\/tr><tr><td>RTP<\/td><td>96.13%<\/td><\/tr><tr><td>Volatilit\u00e9<\/td><td>Haut<\/td><\/tr><tr><td>Max. gains<\/td><td>x50000<\/td><\/tr><tr><td>Taille du pari ($,\u20ac,\u00a3)<\/td><td>0.10 &#8212; 100<\/td><\/tr><tr><td>Nombre de rouleaux<\/td><td>5<\/td><\/tr><tr><td>Nombre de lignes<\/td><td>50<\/td><\/tr><\/tbody><\/table><\/figure>\n\n\n<h2 class=\"wp-block-heading\" id=\"%25d1%2581%25d1%2583%25d1%2582%25d1%258c-%25d1%2581%25d0%25bb%25d0%25be%25d1%2582%25d0%25b0-big-bamboo\">L&#039;essence de la machine \u00e0 sous Big Bamboo<\/h2>\n\n\n<p>Le jeu Big Bamboo est une machine \u00e0 sous et propose des terrains de jeu 5x6 et 50 lignes gagnantes. De nombreuses fonctionnalit\u00e9s offrent des opportunit\u00e9s pour plusieurs types de gains.<\/p>\n\n\n<div class=\"wp-block-image\">\n<figure class=\"aligncenter size-large\"><img loading=\"lazy\" decoding=\"async\" width=\"1024\" height=\"561\" src=\"https:\/\/big-bamboo.fun\/wp-content\/uploads\/2023\/11\/bigbamboo-slot-big-win-min-1024x561.jpg\" alt=\"Emplacement Big Bamboo\" class=\"wp-image-225\" style=\"object-fit:cover\" srcset=\"https:\/\/big-bamboo.fun\/wp-content\/uploads\/2023\/11\/bigbamboo-slot-big-win-min-1024x561.jpg 1024w, https:\/\/big-bamboo.fun\/wp-content\/uploads\/2023\/11\/bigbamboo-slot-big-win-min-300x164.jpg 300w, https:\/\/big-bamboo.fun\/wp-content\/uploads\/2023\/11\/bigbamboo-slot-big-win-min-768x421.jpg 768w, https:\/\/big-bamboo.fun\/wp-content\/uploads\/2023\/11\/bigbamboo-slot-big-win-min-18x10.jpg 18w, https:\/\/big-bamboo.fun\/wp-content\/uploads\/2023\/11\/bigbamboo-slot-big-win-min.jpg 1211w\" sizes=\"auto, (max-width: 1024px) 100vw, 1024px\" \/><\/figure>\n<\/div>\n\n\n<p>L&#039;objectif principal du jeu est d&#039;obtenir le plus grand multiplicateur x50 000 dans un jeu r\u00e9gulier ou bonus. Vous trouverez ci-dessous les descriptions des fonctions et des symboles les plus int\u00e9ressants du point de vue du gain.<\/p>\n\n\n<h2 class=\"wp-block-heading\" id=\"bonus\">Tours bonus <\/h2>\n\n\n<p>Lors d&#039;un jeu normal, les bonus n&#039;apparaissent que sur les rouleaux 2 et 3, de plus, il y a un bonus rare sur 4. Apr\u00e8s leur apparition, le joueur a la possibilit\u00e9 de passer \u00e0 un super jeu ou de l&#039;acheter. En mode Golden Bamboo, les symboles bonus apparaissent sur n&#039;importe quelle position.<\/p>\n\n\n<h2 class=\"wp-block-heading\" id=\"symbols\">Symboles et caract\u00e9ristiques du Big Bamboo<\/h2>\n\n<div class=\"wp-block-image\">\n<figure class=\"aligncenter size-full\"><img loading=\"lazy\" decoding=\"async\" width=\"807\" height=\"478\" src=\"https:\/\/big-bamboo.fun\/wp-content\/uploads\/2023\/11\/bigbamboo-symbols-min.jpg\" alt=\"Caract\u00e8res Big Bamboo\" class=\"wp-image-224\" srcset=\"https:\/\/big-bamboo.fun\/wp-content\/uploads\/2023\/11\/bigbamboo-symbols-min.jpg 807w, https:\/\/big-bamboo.fun\/wp-content\/uploads\/2023\/11\/bigbamboo-symbols-min-300x178.jpg 300w, https:\/\/big-bamboo.fun\/wp-content\/uploads\/2023\/11\/bigbamboo-symbols-min-768x455.jpg 768w, https:\/\/big-bamboo.fun\/wp-content\/uploads\/2023\/11\/bigbamboo-symbols-min-18x12.jpg 18w\" sizes=\"auto, (max-width: 807px) 100vw, 807px\" \/><\/figure>\n<\/div>\n\n\n<p><strong>&quot;Bambou&quot;<\/strong> \u2014 Le symbole Bambou lui-m\u00eame n&#039;ajoute pas de prix en esp\u00e8ces, mais il peut \u00e0 tout moment \u00eatre modifi\u00e9 en n&#039;importe quel autre symbole bonus. Par exemple, vous pouvez obtenir un symbole Collector, qui se transforme imm\u00e9diatement en prix en esp\u00e8ces ou en multiplicateur.&nbsp;<\/p>\n\n\n\n<p><strong>&quot;Pile&quot; dor\u00e9e<\/strong> - L&#039;un des symboles de grande valeur est l&#039;intrigant symbole dor\u00e9 \u00ab Stack \u00bb. Il est recommand\u00e9 de l&#039;utiliser pour lancer des bonus ou des prix en esp\u00e8ces qui apparaissent lorsqu&#039;il y a une correspondance en jeu. Cette fonctionnalit\u00e9 est disponible \u00e0 la fois dans le jeu normal et dans le jeu bonus.<\/p>\n\n\n\n<p>Les joueurs aiment ce symbole car il leur permet d&#039;ouvrir un prix en esp\u00e8ces instantan\u00e9.<\/p>\n\n\n\n<p>De plus, le symbole \u00ab Stack \u00bb peut changer et d&#039;autres bonus plus int\u00e9ressants appara\u00eetront : le symbole \u00ab Collector \u00bb, qui permet de collecter tous les prix en cash et ajoute un nouveau tour ; un symbole de multiplication qui augmente tous les gains. \u00c0 la suite d\u2019un tour, un ou plusieurs symboles bonus peuvent atterrir.<\/p>\n\n\n\n<p><strong>&quot;Sauvage&quot;<\/strong> \u2014 Ce symbole est l&#039;un des plus chers de la machine et peut remplacer tous les autres symboles du jeu. Il peut \u00e9galement appara\u00eetre dans le symbole Bambou.<\/p>\n\n\n\n<div class=\"wp-block-buttons is-content-justification-center is-layout-flex wp-container-core-buttons-is-layout-16018d1d wp-block-buttons-is-layout-flex\">\n<div class=\"wp-block-button\"><a class=\"wp-block-button__link wp-element-button\" href=\"https:\/\/p72zy.bemobtrcks.com\/go\/382bb03f-aa8c-4610-90cd-3c376442ffe4?\">Jeu de Big Bamboo<\/a><\/div>\n<\/div>\n\n\n<h2 class=\"wp-block-heading\" id=\"faq\">FAQ Big Bamboo<\/h2>\n\n<h3 class=\"wp-block-heading\" id=\"%25d0%25bc%25d0%25be%25d0%25b3%25d1%2583-%25d0%25bb%25d0%25b8-%25d1%258f-%25d0%25b2%25d1%258b%25d0%25b8%25d0%25b3%25d1%2580%25d0%25b0%25d1%2582%25d1%258c-%25d1%2580%25d0%25b5%25d0%25b0%25d0%25bb%25d1%258c%25d0%25bd%25d1%258b%25d0%25b5-%25d0%25b4%25d0%25b5%25d0%25bd%25d1%258c%25d0%25b3%25d0%25b8-%25d0%25b2-%25d0%25b0%25d0%25bf\"><strong>Puis-je gagner de l&#039;argent r\u00e9el sur Big Bamboo ?<\/strong><\/h3>\n\n\n<p>Les gains maximum dans Big Bamboo peuvent atteindre jusqu&#039;\u00e0 50 000x par pari.<\/p>\n\n\n<h3 class=\"wp-block-heading\" id=\"%25d0%25b3%25d0%25b4%25d0%25b5-%25d0%25bc%25d0%25be%25d0%25b6%25d0%25bd%25d0%25be-%25d0%25b8%25d0%25b3%25d1%2580%25d0%25b0%25d1%2582%25d1%258c-%25d0%25b2-%25d1%2581%25d0%25bb%25d0%25be%25d1%2582-big-bamboo-%25d0%25bd%25d0%25b0-%25d1%2580%25d0%25b5%25d0%25b0%25d0%25bb%25d1%258c%25d0%25bd%25d1%258b%25d0%25b5-%25d0%25b4\"><strong>O\u00f9 puis-je jouer \u00e0 la machine \u00e0 sous Big Bamboo avec de l&#039;argent r\u00e9el ?<\/strong><\/h3>\n\n\n<p>Vous pouvez choisir l&#039;un de nos casinos partenaires 1Win, 1xbet, Pin Up, Vavada.<\/p>\n\n\n<h3 class=\"wp-block-heading\" id=\"%25d0%25bc%25d0%25be%25d0%25b3%25d1%2583-%25d0%25bb%25d0%25b8-%25d1%258f-%25d1%2581%25d1%258b%25d0%25b3%25d1%2580%25d0%25b0%25d1%2582%25d1%258c-%25d0%25b2-big-bamboo-%25d0%25bd%25d0%25b5-%25d0%25b2%25d0%25ba%25d0%25bb%25d0%25b0%25d0%25b4%25d1%258b%25d0%25b2%25d0%25b0%25d1%258f-%25d1%2581%25d0%25b2%25d0%25be%25d0%25b8\"><strong>Puis-je jouer \u00e0 Big Bamboo sans investir mon propre argent ?<\/strong><\/h3>\n\n\n<p>Oui, vous pouvez tester le jeu en version d\u00e9mo sans inscription.<\/p>\n\n\n<h3 class=\"wp-block-heading\" id=\"%25d0%25bc%25d0%25be%25d0%25b3%25d1%2583-%25d0%25bb%25d0%25b8-%25d1%258f-%25d0%25b8%25d0%25b3%25d1%2580%25d0%25b0%25d1%2582%25d1%258c-%25d0%25b2-%25d0%25b1%25d0%25b8%25d0%25b3-%25d0%25b1%25d0%25b0%25d0%25bc%25d0%25b1%25d1%2583%25d0%25ba-%25d0%25bd%25d0%25b0-%25d1%2580%25d0%25be%25d1%2581%25d1%2581%25d0%25b8%25d0%25b9%25d1%2581\"><strong>Puis-je jouer \u00e0 Big Bamboo avec des roubles russes ?<\/strong><\/h3>\n\n\n<p>Oui, presque tous les casinos en ligne offrent la possibilit\u00e9 de jouer en roubles et dans d\u2019autres devises.<\/p>\n\n\n<h3 class=\"wp-block-heading\" id=\"%25d1%2587%25d1%2582%25d0%25be-%25d1%2582%25d0%25b0%25d0%25ba%25d0%25be%25d0%25b5-%25d0%25b1%25d0%25be%25d0%25bd%25d1%2583%25d1%2581%25d0%25bd%25d0%25b0%25d1%258f-%25d0%25be%25d0%25bf%25d1%2586%25d0%25b8%25d1%258f-%25d0%25bf%25d0%25be%25d0%25ba%25d1%2583%25d0%25bf%25d0%25ba%25d0%25b8\"><strong>Qu&#039;est-ce qu&#039;une option d&#039;achat avec bonus ?<\/strong><\/h3>\n\n\n<p>L&#039;option d&#039;achat de bonus lors de l&#039;ouverture d&#039;un compte de jeu vous permet de recharger instantan\u00e9ment votre compte, de lancer la machine \u00e0 sous Big Bamboo et d&#039;acheter des bonus sans attendre l&#039;apparition des scatters.<\/p>\n\n\n<h3 class=\"wp-block-heading\" id=\"%25d0%25b3%25d0%25b4%25d0%25b5-%25d0%25bc%25d0%25be%25d0%25b6%25d0%25bd%25d0%25be-%25d0%25bf%25d0%25be%25d1%2587%25d0%25b8%25d1%2582%25d0%25b0%25d1%2582%25d1%258c-%25d0%25be%25d1%2582%25d0%25b7%25d1%258b%25d0%25b2%25d1%258b-%25d0%25be%25d0%25b1-%25d0%25b8%25d0%25b3%25d1%2580%25d0%25b5-big-bamboo\"><strong>O\u00f9 puis-je lire des critiques sur le jeu Big Bamboo\u00a0?<\/strong><\/h3>\n\n\n<p>Les critiques de cette machine \u00e0 sous r\u00e9dig\u00e9es par de vrais utilisateurs peuvent \u00eatre lues dans la section critiques.<\/p>\n\n\n<h2 class=\"wp-block-heading\" id=\"strategy\">Strat\u00e9gies pour jouer \u00e0 Big Bamboo<\/h2>\n\n\n<p>Les joueurs exp\u00e9riment\u00e9s ont pass\u00e9 plus d&#039;une heure fascinante dans la machine \u00e0 sous \u00ab Bik Bamboo \u00bb et ont mis au point deux strat\u00e9gies de jeu qui partagent avec vous toute la sagesse et les fonctionnalit\u00e9s secr\u00e8tes qui vous permettront d&#039;obtenir plus d&#039;avantages en jouant. Les utilisateurs d\u00e9butants et exp\u00e9riment\u00e9s peuvent appliquer ces m\u00e9thodes et constituer un bankroll incroyable dans le jeu.<\/p>\n\n\n\n<p><strong>Trois strat\u00e9gies de dispersion\u00a0:<\/strong><\/p>\n\n\n\n<p>La premi\u00e8re version du jeu n&#039;exige pas que le joueur effectue des achats de bonus initiaux\u00a0; dans cette version, vous pouvez jouer \u00e0 la version normale et attendre que trois scatters apparaissent. La combinaison de ces symboles ouvre le dan chang et permet d&#039;acc\u00e9der au jeu bonus. Ce sont des symboles assez courants, car le jeu offre de nombreuses possibilit\u00e9s de les ouvrir, donc la transition ne vous prendra pas beaucoup de temps.<\/p>\n\n\n\n<p>Apr\u00e8s l&#039;apparition de trois scatters, le joueur a la possibilit\u00e9 de se rendre \u00e0 l&#039;un des trois jeux bonus dont le choix d\u00e9pend du dernier symbole bonus. Si le scatter violet est le dernier \u00e0 appara\u00eetre, le multijoueur initial sera 0. Si vous obtenez un scatter rouge, alors x3. Le plus int\u00e9ressant du point de vue de l&#039;obtention d&#039;un prix en esp\u00e8ces est le scatter dor\u00e9 avec le multijoueur initial x10.<\/p>\n\n\n\n<p>M\u00eame sans passer en mode bonus, le joueur a la possibilit\u00e9 de remporter un gros gain. Pour ce faire, vous devez attendre que les symboles myst\u00e9rieux apparaissent, qui se transforment en symboles bonus en or.<\/p>\n\n\n\n<p><strong>Strat\u00e9gie d&#039;achat bonus\u00a0:<\/strong><\/p>\n\n\n\n<p>Selon de nombreux utilisateurs, la meilleure option pour recevoir un prix en esp\u00e8ces est un bonus d&#039;achat.<\/p>\n\n\n\n<p>Le bonus d&#039;achat ouvre la possibilit\u00e9 de maximiser les tours gratuits pour d\u00e9crocher des symboles plus rentables. Nous nous empressons de vous pr\u00e9venir qu&#039;un joueur qui perd sa mise \u00e0 niveau ne re\u00e7oit pas de tours gratuits.<\/p>\n\n\n\n<p>Du point de vue des utilisateurs exp\u00e9riment\u00e9s, la probabilit\u00e9 de recevoir un gros prix en esp\u00e8ces sans investissement important de la part du joueur augmente s&#039;il ach\u00e8te des deuxi\u00e8mes tours gratuits (rouges) et a la possibilit\u00e9 de les augmenter en or.<\/p>\n\n\n\n<p>Veuillez noter que le jeu bonus obtenu dans le jeu de base offre \u00e9galement la possibilit\u00e9 d&#039;attraper des tours dor\u00e9s, qui m\u00e8nent finalement \u00e0 des gains. Pour ce faire, il suffit d&#039;attraper les symboles \u00ab\u00a0Scatter\u00a0\u00bb. 4 scatters vous permettent de passer \u00e0 un nouveau niveau et d&#039;offrir des tours gratuits.<\/p>\n\n\n<h2 class=\"wp-block-heading\" id=\"download\">T\u00e9l\u00e9charger le jeu Big Bamboo<\/h2>\n\n\n<p>La machine \u00e0 sous Big Bamboo a d\u00e9j\u00e0 gagn\u00e9 en popularit\u00e9 parmi les fans de casinos en ligne, elle est donc disponible depuis longtemps pour les utilisateurs des syst\u00e8mes Android, iOS, macOS et Windows.<\/p>\n\n\n\n<p>Malheureusement, pour tenter sa chance dans le jeu Big Bamboo, l&#039;utilisateur doit avoir acc\u00e8s \u00e0 Internet ; le jeu ne peut pas \u00eatre t\u00e9l\u00e9charg\u00e9. Apr\u00e8s l&#039;inscription, vous pouvez lancer le jeu et enregistrer la cha\u00eene de recherche sur le bureau de votre ordinateur ou autre appareil comme raccourci pour un lancement rapide. Jouez, obtenez des prix et que la chance soit toujours avec vous. &nbsp;<\/p>\n\n\n<h2 class=\"wp-block-heading\" id=\"demo\">D\u00e9mo Big Bamboo<\/h2>\n\n\n<p>Bien entendu, vous ne devriez pas perdre votre argent sur une machine \u00e0 sous sans comprendre compl\u00e8tement l\u2019essence du jeu. La version d\u00e9mo du jeu Big Bamboo vous aidera \u00e0 vous sentir plus \u00e0 l&#039;aise et en confiance dans le jeu et \u00e0 comprendre toutes les r\u00e8gles et subtilit\u00e9s. Contrairement \u00e0 la version compl\u00e8te, Big Bamboo Demo ne n\u00e9cessite aucun investissement de votre part, donc dans cette version, vous pouvez tester toutes les fonctionnalit\u00e9s de la machine \u00e0 sous, essayer les capacit\u00e9s du jeu et m\u00e9moriser la signification des symboles et des scatters. Risquer son argent, perdre et gagner est bien plus int\u00e9ressant quand on comprend toutes les r\u00e8gles du jeu. Sur ce site, vous trouverez une version d\u00e9mo de la machine \u00e0 sous Big Bamboo et pourrez profiter d&#039;un jeu confortable et enti\u00e8rement gratuit, sans risquer vos finances.<\/p>\n\n\n<h2 class=\"wp-block-heading\" id=\"1win\">Big Bamboo 1Win<\/h2>\n\n\n<p>La plateforme 1Win propose tous les types passionnants de casinos en ligne tels que les jeux de table, le cricket, le poker et bien plus encore, c&#039;est pourquoi de nombreux utilisateurs la choisissent.&nbsp;<\/p>\n\n\n\n<p>La conception du site r\u00e9pond \u00e0 toutes les demandes, d&#039;excellentes couleurs et une navigation facile sur le site rendent l&#039;utilisation aussi confortable et pratique que possible. En haut de la page se trouvent tous les secteurs n\u00e9cessaires. Lors de l&#039;inscription, la plateforme offre une vari\u00e9t\u00e9 de bonus aux nouveaux clients, par exemple 500% sur le premier d\u00e9p\u00f4t.<\/p>\n\n\n\n<p>Le retrait rapide d&#039;argent est disponible dans 1Win, qui prend en charge tous les principaux syst\u00e8mes de paiement.<\/p>\n\n\n\n<p><strong>Inscription au casino 1WIN<\/strong><\/p>\n\n\n\n<p>Il n&#039;y a rien de compliqu\u00e9 dans le processus d&#039;inscription, il suffit de saisir votre num\u00e9ro de t\u00e9l\u00e9phone, votre adresse e-mail professionnelle et de s\u00e9lectionner la devise dans laquelle vous pr\u00e9f\u00e9rez avoir des relations financi\u00e8res. Apr\u00e8s avoir cliqu\u00e9 sur le bouton d&#039;inscription, tous les jeux en ligne passionnants seront \u00e0 votre disposition, y compris Big Bamboo.<\/p>\n\n\n\n<p>De plus, pour une inscription rapide, vous pouvez utiliser l&#039;inscription via les r\u00e9seaux sociaux et d&#039;autres plateformes.<\/p>\n\n\n\n<p>Lors de certains contr\u00f4les de s\u00e9curit\u00e9 en ligne, 1Win Casino peut demander des informations personnelles. Le plus souvent, cela se produit lors du retrait de fonds sur des cartes bancaires personnelles ou d&#039;autres portefeuilles \u00e9lectroniques.<\/p>\n\n\n\n<p>Si vous avez des questions, le personnel du casino en ligne 1Win pourra vous aider \u00e0 tout moment, puisque le support fonctionne en temps r\u00e9el 24 heures sur 24, 24 heures sur 24 et 7 jours sur 7. Vous pouvez nous contacter via la page Web, par e-mail et sur les messageries sociales VKontakte ou Telegram. Inscrivez-vous et obtenez des prix incroyables avec 1Win et la machine \u00e0 sous Big Bamboo.<\/p>","protected":false},"excerpt":{"rendered":"<p>Machine \u00e0 sous Big Bamboo Big Bamboo est un jeu de machine \u00e0 sous passionnant qui donne \u00e0 ses utilisateurs la possibilit\u00e9 de gagner de gros prix en esp\u00e8ces. Le th\u00e8me de la for\u00eat tropicale asiatique transporte instantan\u00e9ment les joueurs sur une \u00eele d\u00e9serte et leur permet de profiter de leurs vacances sans sortir de chez eux, et de nombreux bonus : symboles wild, scatters, tours gratuits et pi\u00e8ces tomb\u00e9es ajoutent aux chances de gagner. M\u00eame si le jeu est...<\/p>","protected":false},"author":1,"featured_media":0,"parent":0,"menu_order":0,"comment_status":"closed","ping_status":"closed","template":"","meta":{"_kad_post_transparent":"","_kad_post_title":"","_kad_post_layout":"","_kad_post_sidebar_id":"","_kad_post_content_style":"","_kad_post_vertical_padding":"","_kad_post_feature":"","_kad_post_feature_position":"","_kad_post_header":false,"_kad_post_footer":false,"footnotes":""},"class_list":["post-207","page","type-page","status-publish","hentry"],"aioseo_notices":[],"_links":{"self":[{"href":"https:\/\/big-bamboo.fun\/fr_ca\/wp-json\/wp\/v2\/pages\/207","targetHints":{"allow":["GET"]}}],"collection":[{"href":"https:\/\/big-bamboo.fun\/fr_ca\/wp-json\/wp\/v2\/pages"}],"about":[{"href":"https:\/\/big-bamboo.fun\/fr_ca\/wp-json\/wp\/v2\/types\/page"}],"author":[{"embeddable":true,"href":"https:\/\/big-bamboo.fun\/fr_ca\/wp-json\/wp\/v2\/users\/1"}],"replies":[{"embeddable":true,"href":"https:\/\/big-bamboo.fun\/fr_ca\/wp-json\/wp\/v2\/comments?post=207"}],"version-history":[{"count":18,"href":"https:\/\/big-bamboo.fun\/fr_ca\/wp-json\/wp\/v2\/pages\/207\/revisions"}],"predecessor-version":[{"id":269,"href":"https:\/\/big-bamboo.fun\/fr_ca\/wp-json\/wp\/v2\/pages\/207\/revisions\/269"}],"wp:attachment":[{"href":"https:\/\/big-bamboo.fun\/fr_ca\/wp-json\/wp\/v2\/media?parent=207"}],"curies":[{"name":"wp","href":"https:\/\/api.w.org\/{rel}","templated":true}]}}