{"id":207,"date":"2023-11-21T22:11:53","date_gmt":"2023-11-21T19:11:53","guid":{"rendered":"https:\/\/big-bamboo.fun\/?page_id=207"},"modified":"2023-12-02T12:11:17","modified_gmt":"2023-12-02T09:11:17","slug":"big-bamboo","status":"publish","type":"page","link":"https:\/\/big-bamboo.fun\/de\/","title":{"rendered":"Big Bamboo"},"content":{"rendered":"<h2 class=\"wp-block-heading\" id=\"%25d0%25b8%25d0%25b3%25d1%2580%25d0%25be%25d0%25b2%25d0%25be%25d0%25b9-%25d0%25b0%25d0%25b2%25d1%2582%25d0%25be%25d0%25bc%25d0%25b0%25d1%2582-big-bamboo\">Big Bamboo Spielautomat<\/h2>\n\n\n<p><strong>Big Bamboo<\/strong> ist ein spannendes Automatenspiel, das seinen Nutzern die M\u00f6glichkeit bietet, gro\u00dfe Geldpreise zu gewinnen. Das Thema des asiatischen Regenwaldes versetzt Spieler sofort auf eine einsame Insel und erm\u00f6glicht es ihnen, ihren Urlaub zu genie\u00dfen, ohne das Haus verlassen zu m\u00fcssen, und zahlreiche Boni: Wild-Symbole, Scatter, Freispiele und fallengelassene M\u00fcnzen erh\u00f6hen die Gewinnchancen. Obwohl das Spiel erst vor relativ kurzer Zeit (3. M\u00e4rz 2022) ver\u00f6ffentlicht wurde, hat es sich bereits einen Platz in den Herzen neuer Spieler und Nutzer von Online-Casinos wie 1Win, 1xbet, Pin Up, Vavada erobert.<\/p>\n\n\n\n<div class=\"wp-block-buttons is-content-justification-center is-layout-flex wp-container-core-buttons-is-layout-16018d1d wp-block-buttons-is-layout-flex\">\n<div class=\"wp-block-button\"><a class=\"wp-block-button__link wp-element-button\" href=\"https:\/\/p72zy.bemobtrcks.com\/go\/382bb03f-aa8c-4610-90cd-3c376442ffe4?\">Big Bamboo-Spiel<\/a><\/div>\n<\/div>\n\n\n<div class=\"wp-block-image\">\n<figure class=\"aligncenter size-large\"><a href=\"https:\/\/p72zy.bemobtrcks.com\/go\/382bb03f-aa8c-4610-90cd-3c376442ffe4?\"><img loading=\"lazy\" decoding=\"async\" width=\"1024\" height=\"558\" src=\"https:\/\/big-bamboo.fun\/wp-content\/uploads\/2023\/11\/bigbamboo-min-1024x558.jpg\" alt=\"Spielen Sie Big Bamboo\" class=\"wp-image-226\" style=\"object-fit:cover\" srcset=\"https:\/\/big-bamboo.fun\/wp-content\/uploads\/2023\/11\/bigbamboo-min-1024x558.jpg 1024w, https:\/\/big-bamboo.fun\/wp-content\/uploads\/2023\/11\/bigbamboo-min-300x164.jpg 300w, https:\/\/big-bamboo.fun\/wp-content\/uploads\/2023\/11\/bigbamboo-min-768x419.jpg 768w, https:\/\/big-bamboo.fun\/wp-content\/uploads\/2023\/11\/bigbamboo-min-18x10.jpg 18w, https:\/\/big-bamboo.fun\/wp-content\/uploads\/2023\/11\/bigbamboo-min.jpg 1251w\" sizes=\"auto, (max-width: 1024px) 100vw, 1024px\" \/><\/a><\/figure>\n<\/div>\n\n<h2 class=\"wp-block-heading\" id=\"%25d0%25be%25d0%25b1%25d1%2589%25d0%25b0%25d1%258f-%25d0%25b8%25d0%25bd%25d1%2584%25d0%25be%25d1%2580%25d0%25bc%25d0%25b0%25d1%2586%25d0%25b8%25d1%258f\">allgemeine Informationen<\/h2>\n\n\n<figure class=\"wp-block-table\"><table><tbody><tr><td>Software<\/td><td>Push-Gaming<\/td><\/tr><tr><td>Datum der Ver\u00f6ffentlichung<\/td><td>03.03.2022<\/td><\/tr><tr><td>RTP<\/td><td>96.13%<\/td><\/tr><tr><td>Volatilit\u00e4t<\/td><td>Hoch<\/td><\/tr><tr><td>Max. Gewinn<\/td><td>x50000<\/td><\/tr><tr><td>Einsatzgr\u00f6\u00dfe ($,\u20ac,\u00a3)<\/td><td>0.10 &#8212; 100<\/td><\/tr><tr><td>Anzahl der Rollen<\/td><td>5<\/td><\/tr><tr><td>Anzahl der Zeilen<\/td><td>50<\/td><\/tr><\/tbody><\/table><\/figure>\n\n\n<h2 class=\"wp-block-heading\" id=\"%25d1%2581%25d1%2583%25d1%2582%25d1%258c-%25d1%2581%25d0%25bb%25d0%25be%25d1%2582%25d0%25b0-big-bamboo\">Die Essenz des Big Bamboo-Slots<\/h2>\n\n\n<p>Das Big Bamboo-Spiel ist ein Spielautomat und bietet 5x6 Spielfelder und 50 Gewinnlinien. Zahlreiche Features bieten M\u00f6glichkeiten f\u00fcr mehrere Gewinnarten.<\/p>\n\n\n<div class=\"wp-block-image\">\n<figure class=\"aligncenter size-large\"><img loading=\"lazy\" decoding=\"async\" width=\"1024\" height=\"561\" src=\"https:\/\/big-bamboo.fun\/wp-content\/uploads\/2023\/11\/bigbamboo-slot-big-win-min-1024x561.jpg\" alt=\"Big Bamboo-Steckplatz\" class=\"wp-image-225\" style=\"object-fit:cover\" srcset=\"https:\/\/big-bamboo.fun\/wp-content\/uploads\/2023\/11\/bigbamboo-slot-big-win-min-1024x561.jpg 1024w, https:\/\/big-bamboo.fun\/wp-content\/uploads\/2023\/11\/bigbamboo-slot-big-win-min-300x164.jpg 300w, https:\/\/big-bamboo.fun\/wp-content\/uploads\/2023\/11\/bigbamboo-slot-big-win-min-768x421.jpg 768w, https:\/\/big-bamboo.fun\/wp-content\/uploads\/2023\/11\/bigbamboo-slot-big-win-min-18x10.jpg 18w, https:\/\/big-bamboo.fun\/wp-content\/uploads\/2023\/11\/bigbamboo-slot-big-win-min.jpg 1211w\" sizes=\"auto, (max-width: 1024px) 100vw, 1024px\" \/><\/figure>\n<\/div>\n\n\n<p>Das Hauptziel des Spiels besteht darin, den gr\u00f6\u00dften 50.000-fachen Multiplikator in einem regul\u00e4ren Spiel oder Bonusspiel zu erzielen. Nachfolgend finden Sie Beschreibungen der Funktionen und Symbole, die aus Gewinnsicht am interessantesten sind.<\/p>\n\n\n<h2 class=\"wp-block-heading\" id=\"bonus\">Bonus-Spins <\/h2>\n\n\n<p>W\u00e4hrend eines regul\u00e4ren Spiels erscheinen Boni nur auf den Walzen 2 und 3, zus\u00e4tzlich gibt es einen seltenen Bonus auf 4. Nach ihrem Erscheinen hat der Spieler die M\u00f6glichkeit, zu einem Superspiel zu wechseln oder es zu kaufen. Im Golden Bamboo-Modus erscheinen Bonussymbole an jeder Position.<\/p>\n\n\n<h2 class=\"wp-block-heading\" id=\"symbols\">Big Bamboo-Symbole und Funktionen<\/h2>\n\n<div class=\"wp-block-image\">\n<figure class=\"aligncenter size-full\"><img loading=\"lazy\" decoding=\"async\" width=\"807\" height=\"478\" src=\"https:\/\/big-bamboo.fun\/wp-content\/uploads\/2023\/11\/bigbamboo-symbols-min.jpg\" alt=\"Big Bamboo-Zeichen\" class=\"wp-image-224\" srcset=\"https:\/\/big-bamboo.fun\/wp-content\/uploads\/2023\/11\/bigbamboo-symbols-min.jpg 807w, https:\/\/big-bamboo.fun\/wp-content\/uploads\/2023\/11\/bigbamboo-symbols-min-300x178.jpg 300w, https:\/\/big-bamboo.fun\/wp-content\/uploads\/2023\/11\/bigbamboo-symbols-min-768x455.jpg 768w, https:\/\/big-bamboo.fun\/wp-content\/uploads\/2023\/11\/bigbamboo-symbols-min-18x12.jpg 18w\" sizes=\"auto, (max-width: 807px) 100vw, 807px\" \/><\/figure>\n<\/div>\n\n\n<p><strong>&quot;Bambus&quot;<\/strong> \u2014 Das Bambussymbol selbst f\u00fcgt keine Geldpreise hinzu, kann aber jederzeit in ein anderes Bonussymbol umgewandelt werden. Beispielsweise erhalten Sie m\u00f6glicherweise ein Sammlersymbol, das sich sofort in einen Geldpreis oder Multiplikator verwandelt.&nbsp;<\/p>\n\n\n\n<p><strong>Goldener \u201eStapel\u201c<\/strong> - Eines der wertvollsten Symbole ist das faszinierende goldene \u201eStack\u201c-Symbol. Es wird empfohlen, damit Boni oder Geldpreise zu starten, die erscheinen, wenn eine \u00dcbereinstimmung auf den Linien vorliegt. Dieses Feature ist sowohl im regul\u00e4ren Spiel als auch im Bonusspiel verf\u00fcgbar.<\/p>\n\n\n\n<p>Spieler m\u00f6gen dieses Symbol, weil es ihnen erm\u00f6glicht, einen sofortigen Geldpreis zu er\u00f6ffnen.<\/p>\n\n\n\n<p>Dar\u00fcber hinaus kann sich das \u201eStapel\u201c-Symbol \u00e4ndern und andere, interessantere Boni werden angezeigt: das \u201eSammler\u201c-Symbol, mit dem Sie alle Geldpreise sammeln k\u00f6nnen und einen neuen Spin hinzuf\u00fcgen; ein Multiplikationssymbol, das alle Gewinne erh\u00f6ht. Als Ergebnis einer Drehung k\u00f6nnen entweder ein oder mehrere Bonussymbole landen.<\/p>\n\n\n\n<p><strong>&quot;Wild&quot;<\/strong> \u2014 Dieses Symbol ist eines der teuersten im Automaten und kann alle anderen Symbole im Spiel ersetzen. Es kann auch im Bambussymbol erscheinen.<\/p>\n\n\n\n<div class=\"wp-block-buttons is-content-justification-center is-layout-flex wp-container-core-buttons-is-layout-16018d1d wp-block-buttons-is-layout-flex\">\n<div class=\"wp-block-button\"><a class=\"wp-block-button__link wp-element-button\" href=\"https:\/\/p72zy.bemobtrcks.com\/go\/382bb03f-aa8c-4610-90cd-3c376442ffe4?\">Big Bamboo-Spiel<\/a><\/div>\n<\/div>\n\n\n<h2 class=\"wp-block-heading\" id=\"faq\">FAQ Gro\u00dfer Bambus<\/h2>\n\n<h3 class=\"wp-block-heading\" id=\"%25d0%25bc%25d0%25be%25d0%25b3%25d1%2583-%25d0%25bb%25d0%25b8-%25d1%258f-%25d0%25b2%25d1%258b%25d0%25b8%25d0%25b3%25d1%2580%25d0%25b0%25d1%2582%25d1%258c-%25d1%2580%25d0%25b5%25d0%25b0%25d0%25bb%25d1%258c%25d0%25bd%25d1%258b%25d0%25b5-%25d0%25b4%25d0%25b5%25d0%25bd%25d1%258c%25d0%25b3%25d0%25b8-%25d0%25b2-%25d0%25b0%25d0%25bf\"><strong>Kann ich bei Big Bamboo echtes Geld gewinnen?<\/strong><\/h3>\n\n\n<p>Der maximale Gewinn bei Big Bamboo kann bis zum 50.000-fachen pro Wette betragen.<\/p>\n\n\n<h3 class=\"wp-block-heading\" id=\"%25d0%25b3%25d0%25b4%25d0%25b5-%25d0%25bc%25d0%25be%25d0%25b6%25d0%25bd%25d0%25be-%25d0%25b8%25d0%25b3%25d1%2580%25d0%25b0%25d1%2582%25d1%258c-%25d0%25b2-%25d1%2581%25d0%25bb%25d0%25be%25d1%2582-big-bamboo-%25d0%25bd%25d0%25b0-%25d1%2580%25d0%25b5%25d0%25b0%25d0%25bb%25d1%258c%25d0%25bd%25d1%258b%25d0%25b5-%25d0%25b4\"><strong>Wo kann ich den Big Bamboo-Slot um echtes Geld spielen?<\/strong><\/h3>\n\n\n<p>Sie k\u00f6nnen eines unserer Partnercasinos 1Win, 1xbet, Pin Up, Vavada w\u00e4hlen.<\/p>\n\n\n<h3 class=\"wp-block-heading\" id=\"%25d0%25bc%25d0%25be%25d0%25b3%25d1%2583-%25d0%25bb%25d0%25b8-%25d1%258f-%25d1%2581%25d1%258b%25d0%25b3%25d1%2580%25d0%25b0%25d1%2582%25d1%258c-%25d0%25b2-big-bamboo-%25d0%25bd%25d0%25b5-%25d0%25b2%25d0%25ba%25d0%25bb%25d0%25b0%25d0%25b4%25d1%258b%25d0%25b2%25d0%25b0%25d1%258f-%25d1%2581%25d0%25b2%25d0%25be%25d0%25b8\"><strong>Kann ich Big Bamboo spielen, ohne mein eigenes Geld zu investieren?<\/strong><\/h3>\n\n\n<p>Ja, Sie k\u00f6nnen das Spiel in der Demoversion ohne Registrierung testen.<\/p>\n\n\n<h3 class=\"wp-block-heading\" id=\"%25d0%25bc%25d0%25be%25d0%25b3%25d1%2583-%25d0%25bb%25d0%25b8-%25d1%258f-%25d0%25b8%25d0%25b3%25d1%2580%25d0%25b0%25d1%2582%25d1%258c-%25d0%25b2-%25d0%25b1%25d0%25b8%25d0%25b3-%25d0%25b1%25d0%25b0%25d0%25bc%25d0%25b1%25d1%2583%25d0%25ba-%25d0%25bd%25d0%25b0-%25d1%2580%25d0%25be%25d1%2581%25d1%2581%25d0%25b8%25d0%25b9%25d1%2581\"><strong>Kann ich Big Bamboo mit russischen Rubel spielen?<\/strong><\/h3>\n\n\n<p>Ja, fast alle Online-Casinos bieten die M\u00f6glichkeit, um Rubel und andere W\u00e4hrungen zu spielen.<\/p>\n\n\n<h3 class=\"wp-block-heading\" id=\"%25d1%2587%25d1%2582%25d0%25be-%25d1%2582%25d0%25b0%25d0%25ba%25d0%25be%25d0%25b5-%25d0%25b1%25d0%25be%25d0%25bd%25d1%2583%25d1%2581%25d0%25bd%25d0%25b0%25d1%258f-%25d0%25be%25d0%25bf%25d1%2586%25d0%25b8%25d1%258f-%25d0%25bf%25d0%25be%25d0%25ba%25d1%2583%25d0%25bf%25d0%25ba%25d0%25b8\"><strong>Was ist eine Bonuskaufoption?<\/strong><\/h3>\n\n\n<p>Mit der Bonuskaufoption bei der Er\u00f6ffnung eines Spielkontos k\u00f6nnen Sie Ihr Konto sofort aufladen, den Big Bamboo-Spielautomaten starten und Boni kaufen, ohne auf das Erscheinen der Scatter-Symbole warten zu m\u00fcssen.<\/p>\n\n\n<h3 class=\"wp-block-heading\" id=\"%25d0%25b3%25d0%25b4%25d0%25b5-%25d0%25bc%25d0%25be%25d0%25b6%25d0%25bd%25d0%25be-%25d0%25bf%25d0%25be%25d1%2587%25d0%25b8%25d1%2582%25d0%25b0%25d1%2582%25d1%258c-%25d0%25be%25d1%2582%25d0%25b7%25d1%258b%25d0%25b2%25d1%258b-%25d0%25be%25d0%25b1-%25d0%25b8%25d0%25b3%25d1%2580%25d0%25b5-big-bamboo\"><strong>Wo kann ich Rezensionen zum Spiel Big Bamboo lesen?<\/strong><\/h3>\n\n\n<p>Rezensionen zu diesem Slot, die von echten Benutzern verfasst wurden, k\u00f6nnen im Abschnitt \u201eRezensionen\u201c gelesen werden.<\/p>\n\n\n<h2 class=\"wp-block-heading\" id=\"strategy\">Strategien zum Spielen von Big Bamboo<\/h2>\n\n\n<p>Erfahrene Spieler haben mehr als eine faszinierende Stunde im Spielautomaten \u201eBik Bamboo\u201c verbracht und sich zwei Spielstrategien ausgedacht, die alle Weisheiten und geheimen Funktionen mit Ihnen teilen, die Ihnen beim Spielen mehr Vorteile erm\u00f6glichen. Sowohl Anf\u00e4nger als auch erfahrene Benutzer k\u00f6nnen diese Methoden anwenden und im Spiel ein unglaubliches Guthaben aufbauen.<\/p>\n\n\n\n<p><strong>Drei-Scatter-Strategie:<\/strong><\/p>\n\n\n\n<p>In der ersten Version des Spiels muss der Spieler keine ersten Bonusk\u00e4ufe t\u00e4tigen; in dieser Version k\u00f6nnen Sie die regul\u00e4re Version spielen und warten, bis drei Scatter-Symbole erscheinen. Die Kombination dieser Symbole \u00f6ffnet den Dan Chang und erm\u00f6glicht Ihnen den Zugang zum Bonusspiel. Dies sind recht h\u00e4ufige Symbole, da das Spiel viele M\u00f6glichkeiten bietet, sie zu \u00f6ffnen, sodass der \u00dcbergang nicht viel Zeit in Anspruch nehmen wird.<\/p>\n\n\n\n<p>Nachdem drei Scatter erscheinen, hat der Spieler die M\u00f6glichkeit, an einem von drei Bonusspielen teilzunehmen, deren Auswahl vom letzten Bonussymbol abh\u00e4ngt. Wenn das violette Scatter-Symbol als letztes erscheint, betr\u00e4gt der anf\u00e4ngliche Multiplayer-Wert 0. Wenn Sie ein rotes Scatter-Symbol erhalten, dann x3. Das Interessanteste im Hinblick auf den Erhalt eines Geldpreises ist der goldene Scatter mit dem anf\u00e4nglichen Multiplayer x10.<\/p>\n\n\n\n<p>Auch ohne Wechsel in den Bonusmodus hat der Spieler die M\u00f6glichkeit, einen gro\u00dfen Gewinn zu erzielen. Dazu m\u00fcssen Sie warten, bis die mysteri\u00f6sen Symbole erscheinen, die in Bonusgoldsymbole umgewandelt werden.<\/p>\n\n\n\n<p><strong>Bonus-Shopping-Strategie:<\/strong><\/p>\n\n\n\n<p>Nach Meinung vieler Nutzer ist ein Kaufbonus die beste M\u00f6glichkeit, einen Geldpreis zu erhalten.<\/p>\n\n\n\n<p>Der Kaufbonus er\u00f6ffnet die M\u00f6glichkeit, Freispiele zu maximieren, um profitablere Symbole zu erhalten. Wir m\u00f6chten Sie darauf hinweisen, dass ein Spieler, der sein Upgrade verliert, keine Freispiele erh\u00e4lt.<\/p>\n\n\n\n<p>Aus Sicht erfahrener Benutzer erh\u00f6ht sich die Wahrscheinlichkeit, ohne nennenswerte Investition des Spielers einen gro\u00dfen Geldpreis zu erhalten, wenn er zweite (rote) Freispiele kauft und die M\u00f6glichkeit hat, diese auf Gold aufzustocken.<\/p>\n\n\n\n<p>Bitte beachten Sie, dass das im Basisspiel erhaltene Bonusspiel auch die M\u00f6glichkeit bietet, goldene Spins zu ergattern, was letztendlich zu Gewinnen f\u00fchrt. Fangen Sie dazu einfach die \u201eScatter\u201c-Symbole ein. Mit 4 beliebigen Scatter-Symbolen k\u00f6nnen Sie auf ein neues Level wechseln und Freispiele vergeben.<\/p>\n\n\n<h2 class=\"wp-block-heading\" id=\"download\">Laden Sie das Spiel Big Bamboo herunter<\/h2>\n\n\n<p>Der Spielautomat Big Bamboo erfreut sich bei Fans von Online-Casinos bereits gro\u00dfer Beliebtheit und ist daher schon lange f\u00fcr Nutzer von Android-, iOS-, macOS- und Windows-Systemen verf\u00fcgbar.<\/p>\n\n\n\n<p>Um sein Gl\u00fcck im Big Bamboo-Spiel zu versuchen, ben\u00f6tigt der Benutzer leider Zugang zum Internet; das Spiel kann nicht heruntergeladen werden. Nach der Registrierung k\u00f6nnen Sie das Spiel starten und die Suchzeichenfolge auf dem Desktop Ihres Computers oder eines anderen Ger\u00e4ts als Verkn\u00fcpfung f\u00fcr den Schnellstart speichern. Spielen Sie, gewinnen Sie Preise und das Gl\u00fcck ist immer bei Ihnen. &nbsp;<\/p>\n\n\n<h2 class=\"wp-block-heading\" id=\"demo\">Big Bamboo-Demo<\/h2>\n\n\n<p>Nat\u00fcrlich sollten Sie Ihr Geld nicht an einem Spielautomaten verlieren, ohne die Essenz des Spiels vollst\u00e4ndig zu verstehen. Die Demoversion des Spiels Big Bamboo wird Ihnen helfen, sich im Spiel wohler und sicherer zu f\u00fchlen und alle Regeln und Feinheiten zu verstehen. Im Gegensatz zur Vollversion erfordert Big Bamboo Demo keine Investition Ihrerseits. Sie k\u00f6nnen also in dieser Version die volle Funktionalit\u00e4t des Spielautomaten testen, die M\u00f6glichkeiten des Spiels ausprobieren und sich die Bedeutung der Symbole und Scatter merken. Sein Geld zu riskieren, zu verlieren und zu gewinnen ist viel interessanter, wenn man alle Spielregeln versteht. Auf dieser Seite finden Sie eine Demoversion des Big Bamboo-Slots und k\u00f6nnen ein komfortables Spiel v\u00f6llig kostenlos genie\u00dfen, ohne Ihre Finanzen zu gef\u00e4hrden.<\/p>\n\n\n<h2 class=\"wp-block-heading\" id=\"1win\">Big Bamboo 1Win<\/h2>\n\n\n<p>Die 1Win-Plattform bietet alle spannenden Arten von Online-Casinos wie Tischspiele, Cricket, Poker und vieles mehr, weshalb sich viele Benutzer f\u00fcr sie entscheiden.&nbsp;<\/p>\n\n\n\n<p>Das Design der Website erf\u00fcllt alle Anforderungen, hervorragende Farben und eine einfache Navigation auf der Website machen die Nutzung so komfortabel und bequem wie m\u00f6glich. Oben auf der Seite befinden sich alle notwendigen Sektoren. Bei der Registrierung bietet die Plattform Neukunden verschiedene Boni an, beispielsweise 500% auf die erste Einzahlung.<\/p>\n\n\n\n<p>Eine schnelle Geldabhebung ist in 1Win m\u00f6glich, das alle g\u00e4ngigen Zahlungssysteme unterst\u00fctzt.<\/p>\n\n\n\n<p><strong>Registrierung im 1WIN Casino<\/strong><\/p>\n\n\n\n<p>Der Registrierungsprozess ist nicht kompliziert. Geben Sie einfach Ihre Telefonnummer und Ihre gesch\u00e4ftliche E-Mail-Adresse ein und w\u00e4hlen Sie die W\u00e4hrung aus, in der Sie Finanzbeziehungen bevorzugen. Nachdem Sie auf den Registrierungsbutton geklickt haben, stehen Ihnen alle spannenden Online-Spiele zur Verf\u00fcgung, darunter auch Big Bamboo.<\/p>\n\n\n\n<p>Dar\u00fcber hinaus k\u00f6nnen Sie f\u00fcr eine schnelle Registrierung die Registrierung \u00fcber soziale Netzwerke und andere Plattformen nutzen.<\/p>\n\n\n\n<p>Bei bestimmten Online-Sicherheits\u00fcberpr\u00fcfungen kann 1Win Casino pers\u00f6nliche Informationen anfordern. Dies geschieht am h\u00e4ufigsten beim Abheben von Geldern auf pers\u00f6nliche Bankkarten oder andere elektronische Geldb\u00f6rsen.<\/p>\n\n\n\n<p>Bei Fragen stehen Ihnen die Mitarbeiter des 1Win Online Casinos jederzeit zur Verf\u00fcgung, da der Support rund um die Uhr und 24\/7 in Echtzeit arbeitet. Sie k\u00f6nnen uns \u00fcber die Webseite, per E-Mail und in den sozialen Messengern VKontakte oder Telegram kontaktieren. Registrieren Sie sich und sichern Sie sich unglaubliche Preise bei 1Win und dem Big Bamboo-Slot.<\/p>","protected":false},"excerpt":{"rendered":"<p>Big Bamboo-Spielautomat Big Bamboo ist ein aufregendes Spielautomatenspiel, das seinen Benutzern die M\u00f6glichkeit bietet, gro\u00dfe Geldpreise zu gewinnen. Das Thema des asiatischen Regenwaldes versetzt Spieler sofort auf eine einsame Insel und erm\u00f6glicht es ihnen, ihren Urlaub zu genie\u00dfen, ohne das Haus zu verlassen, und zahlreiche Boni: Wild-Symbole, Scatter, Freispiele und fallengelassene M\u00fcnzen erh\u00f6hen die Gewinnchancen. Auch wenn das Spiel...<\/p>","protected":false},"author":1,"featured_media":0,"parent":0,"menu_order":0,"comment_status":"closed","ping_status":"closed","template":"","meta":{"_kad_post_transparent":"","_kad_post_title":"","_kad_post_layout":"","_kad_post_sidebar_id":"","_kad_post_content_style":"","_kad_post_vertical_padding":"","_kad_post_feature":"","_kad_post_feature_position":"","_kad_post_header":false,"_kad_post_footer":false,"footnotes":""},"class_list":["post-207","page","type-page","status-publish","hentry"],"aioseo_notices":[],"_links":{"self":[{"href":"https:\/\/big-bamboo.fun\/de\/wp-json\/wp\/v2\/pages\/207","targetHints":{"allow":["GET"]}}],"collection":[{"href":"https:\/\/big-bamboo.fun\/de\/wp-json\/wp\/v2\/pages"}],"about":[{"href":"https:\/\/big-bamboo.fun\/de\/wp-json\/wp\/v2\/types\/page"}],"author":[{"embeddable":true,"href":"https:\/\/big-bamboo.fun\/de\/wp-json\/wp\/v2\/users\/1"}],"replies":[{"embeddable":true,"href":"https:\/\/big-bamboo.fun\/de\/wp-json\/wp\/v2\/comments?post=207"}],"version-history":[{"count":18,"href":"https:\/\/big-bamboo.fun\/de\/wp-json\/wp\/v2\/pages\/207\/revisions"}],"predecessor-version":[{"id":269,"href":"https:\/\/big-bamboo.fun\/de\/wp-json\/wp\/v2\/pages\/207\/revisions\/269"}],"wp:attachment":[{"href":"https:\/\/big-bamboo.fun\/de\/wp-json\/wp\/v2\/media?parent=207"}],"curies":[{"name":"wp","href":"https:\/\/api.w.org\/{rel}","templated":true}]}}